{"id":1797,"date":"2021-04-14T14:17:10","date_gmt":"2021-04-14T14:17:10","guid":{"rendered":"http:\/\/www.kamarinzynieria.pl\/?page_id=1797"},"modified":"2021-04-14T14:22:14","modified_gmt":"2021-04-14T14:22:14","slug":"elektryka","status":"publish","type":"page","link":"https:\/\/www.kamarinzynieria.pl\/index.php\/elektryka\/","title":{"rendered":"Elektryka"},"content":{"rendered":"\t\t<div data-elementor-type=\"wp-page\" data-elementor-id=\"1797\" class=\"elementor elementor-1797\" data-elementor-settings=\"[]\">\n\t\t\t\t\t\t\t<div class=\"elementor-section-wrap\">\n\t\t\t\t\t\t\t<section class=\"elementor-section elementor-top-section elementor-element elementor-element-5a34e87 elementor-section-boxed elementor-section-height-default elementor-section-height-default\" data-id=\"5a34e87\" data-element_type=\"section\">\n\t\t\t\t\t\t<div class=\"elementor-container elementor-column-gap-default\">\n\t\t\t\t\t<div class=\"elementor-column elementor-col-100 elementor-top-column elementor-element elementor-element-a995da8\" data-id=\"a995da8\" data-element_type=\"column\">\n\t\t\t<div class=\"elementor-widget-wrap elementor-element-populated\">\n\t\t\t\t\t\t\t\t<div class=\"elementor-element elementor-element-42d51e2 elementor-widget elementor-widget-text-editor\" data-id=\"42d51e2\" data-element_type=\"widget\" data-widget_type=\"text-editor.default\">\n\t\t\t\t<div class=\"elementor-widget-container\">\n\t\t\t\t\t<div class=\"elementor-text-editor elementor-clearfix\"><p>Lorem ipsum dolor sit amet, consectetur adipiscing elit. Ut elit tellus, luctus nec ullamcorper mattis, pulvinar dapibus leo.<\/p><\/div>\n\t\t\t\t<\/div>\n\t\t\t\t<\/div>\n\t\t\t\t\t<\/div>\n\t\t<\/div>\n\t\t\t\t\t\t\t<\/div>\n\t\t<\/section>\n\t\t\t\t<section class=\"elementor-section elementor-top-section elementor-element elementor-element-e67e402 elementor-section-boxed elementor-section-height-default elementor-section-height-default\" data-id=\"e67e402\" data-element_type=\"section\">\n\t\t\t\t\t\t<div class=\"elementor-container elementor-column-gap-default\">\n\t\t\t\t\t<div class=\"elementor-column elementor-col-100 elementor-top-column elementor-element elementor-element-b7a631f\" data-id=\"b7a631f\" data-element_type=\"column\">\n\t\t\t<div class=\"elementor-widget-wrap elementor-element-populated\">\n\t\t\t\t\t\t\t\t<div class=\"elementor-element elementor-element-8c1e22f elementor-widget elementor-widget-heading\" data-id=\"8c1e22f\" data-element_type=\"widget\" data-widget_type=\"heading.default\">\n\t\t\t\t<div class=\"elementor-widget-container\">\n\t\t\t<h2 class=\"elementor-heading-title elementor-size-medium\">\u0141a\u0144cut<\/h2>\t\t<\/div>\n\t\t\t\t<\/div>\n\t\t\t\t<div class=\"elementor-element elementor-element-3d48cbe elementor-widget elementor-widget-image-gallery\" data-id=\"3d48cbe\" data-element_type=\"widget\" data-widget_type=\"image-gallery.default\">\n\t\t\t\t<div class=\"elementor-widget-container\">\n\t\t\t\t\t<div class=\"elementor-image-gallery\">\n\t\t\t<div id='gallery-1' class='gallery galleryid-1797 gallery-columns-4 gallery-size-thumbnail'><figure class='gallery-item'>\n\t\t\t<div class='gallery-icon landscape'>\n\t\t\t\t<a data-elementor-open-lightbox=\"yes\" data-elementor-lightbox-slideshow=\"3d48cbe\" data-elementor-lightbox-title=\"1\" href='https:\/\/www.kamarinzynieria.pl\/wp-content\/uploads\/2021\/04\/1-8.jpg'><img width=\"150\" height=\"150\" src=\"https:\/\/www.kamarinzynieria.pl\/wp-content\/uploads\/2021\/04\/1-8-150x150.jpg\" class=\"attachment-thumbnail size-thumbnail\" alt=\"\" loading=\"lazy\" \/><\/a>\n\t\t\t<\/div><\/figure><figure class='gallery-item'>\n\t\t\t<div class='gallery-icon landscape'>\n\t\t\t\t<a data-elementor-open-lightbox=\"yes\" data-elementor-lightbox-slideshow=\"3d48cbe\" data-elementor-lightbox-title=\"2\" href='https:\/\/www.kamarinzynieria.pl\/wp-content\/uploads\/2021\/04\/2-9.jpg'><img width=\"150\" height=\"150\" src=\"https:\/\/www.kamarinzynieria.pl\/wp-content\/uploads\/2021\/04\/2-9-150x150.jpg\" class=\"attachment-thumbnail size-thumbnail\" alt=\"\" loading=\"lazy\" \/><\/a>\n\t\t\t<\/div><\/figure><figure class='gallery-item'>\n\t\t\t<div class='gallery-icon landscape'>\n\t\t\t\t<a data-elementor-open-lightbox=\"yes\" data-elementor-lightbox-slideshow=\"3d48cbe\" data-elementor-lightbox-title=\"3\" href='https:\/\/www.kamarinzynieria.pl\/wp-content\/uploads\/2021\/04\/3-5.jpg'><img width=\"150\" height=\"150\" src=\"https:\/\/www.kamarinzynieria.pl\/wp-content\/uploads\/2021\/04\/3-5-150x150.jpg\" class=\"attachment-thumbnail size-thumbnail\" alt=\"\" loading=\"lazy\" \/><\/a>\n\t\t\t<\/div><\/figure><figure class='gallery-item'>\n\t\t\t<div class='gallery-icon landscape'>\n\t\t\t\t<a data-elementor-open-lightbox=\"yes\" data-elementor-lightbox-slideshow=\"3d48cbe\" data-elementor-lightbox-title=\"4\" href='https:\/\/www.kamarinzynieria.pl\/wp-content\/uploads\/2021\/04\/4-2.jpg'><img width=\"150\" height=\"150\" src=\"https:\/\/www.kamarinzynieria.pl\/wp-content\/uploads\/2021\/04\/4-2-150x150.jpg\" class=\"attachment-thumbnail size-thumbnail\" alt=\"\" loading=\"lazy\" \/><\/a>\n\t\t\t<\/div><\/figure>\n\t\t<\/div>\n\t\t<\/div>\n\t\t\t\t<\/div>\n\t\t\t\t<\/div>\n\t\t\t\t\t<\/div>\n\t\t<\/div>\n\t\t\t\t\t\t\t<\/div>\n\t\t<\/section>\n\t\t\t\t<section class=\"elementor-section elementor-top-section elementor-element elementor-element-17b2408 elementor-section-boxed elementor-section-height-default elementor-section-height-default\" data-id=\"17b2408\" data-element_type=\"section\">\n\t\t\t\t\t\t<div class=\"elementor-container elementor-column-gap-default\">\n\t\t\t\t\t<div class=\"elementor-column elementor-col-100 elementor-top-column elementor-element elementor-element-5c4f4a0\" data-id=\"5c4f4a0\" data-element_type=\"column\">\n\t\t\t<div class=\"elementor-widget-wrap elementor-element-populated\">\n\t\t\t\t\t\t\t\t<div class=\"elementor-element elementor-element-ccd2a30 elementor-widget elementor-widget-heading\" data-id=\"ccd2a30\" data-element_type=\"widget\" data-widget_type=\"heading.default\">\n\t\t\t\t<div class=\"elementor-widget-container\">\n\t\t\t<h2 class=\"elementor-heading-title elementor-size-medium\">Rzesz\u00f3w<\/h2>\t\t<\/div>\n\t\t\t\t<\/div>\n\t\t\t\t<div class=\"elementor-element elementor-element-9c408e1 elementor-widget elementor-widget-image-gallery\" data-id=\"9c408e1\" data-element_type=\"widget\" data-widget_type=\"image-gallery.default\">\n\t\t\t\t<div class=\"elementor-widget-container\">\n\t\t\t\t\t<div class=\"elementor-image-gallery\">\n\t\t\t<div id='gallery-2' class='gallery galleryid-1797 gallery-columns-4 gallery-size-thumbnail'><figure class='gallery-item'>\n\t\t\t<div class='gallery-icon portrait'>\n\t\t\t\t<a data-elementor-open-lightbox=\"yes\" data-elementor-lightbox-slideshow=\"9c408e1\" data-elementor-lightbox-title=\"1\" href='https:\/\/www.kamarinzynieria.pl\/wp-content\/uploads\/2021\/04\/1-9.jpg'><img width=\"150\" height=\"150\" src=\"https:\/\/www.kamarinzynieria.pl\/wp-content\/uploads\/2021\/04\/1-9-150x150.jpg\" class=\"attachment-thumbnail size-thumbnail\" alt=\"\" loading=\"lazy\" \/><\/a>\n\t\t\t<\/div><\/figure><figure class='gallery-item'>\n\t\t\t<div class='gallery-icon landscape'>\n\t\t\t\t<a data-elementor-open-lightbox=\"yes\" data-elementor-lightbox-slideshow=\"9c408e1\" data-elementor-lightbox-title=\"2\" href='https:\/\/www.kamarinzynieria.pl\/wp-content\/uploads\/2021\/04\/2-10.jpg'><img width=\"150\" height=\"150\" src=\"https:\/\/www.kamarinzynieria.pl\/wp-content\/uploads\/2021\/04\/2-10-150x150.jpg\" class=\"attachment-thumbnail size-thumbnail\" alt=\"\" loading=\"lazy\" \/><\/a>\n\t\t\t<\/div><\/figure><figure class='gallery-item'>\n\t\t\t<div class='gallery-icon landscape'>\n\t\t\t\t<a data-elementor-open-lightbox=\"yes\" data-elementor-lightbox-slideshow=\"9c408e1\" data-elementor-lightbox-title=\"3\" href='https:\/\/www.kamarinzynieria.pl\/wp-content\/uploads\/2021\/04\/3-6.jpg'><img width=\"150\" height=\"150\" src=\"https:\/\/www.kamarinzynieria.pl\/wp-content\/uploads\/2021\/04\/3-6-150x150.jpg\" class=\"attachment-thumbnail size-thumbnail\" alt=\"\" loading=\"lazy\" \/><\/a>\n\t\t\t<\/div><\/figure><figure class='gallery-item'>\n\t\t\t<div class='gallery-icon portrait'>\n\t\t\t\t<a data-elementor-open-lightbox=\"yes\" data-elementor-lightbox-slideshow=\"9c408e1\" data-elementor-lightbox-title=\"4\" href='https:\/\/www.kamarinzynieria.pl\/wp-content\/uploads\/2021\/04\/4-3.jpg'><img width=\"150\" height=\"150\" src=\"https:\/\/www.kamarinzynieria.pl\/wp-content\/uploads\/2021\/04\/4-3-150x150.jpg\" class=\"attachment-thumbnail size-thumbnail\" alt=\"\" loading=\"lazy\" \/><\/a>\n\t\t\t<\/div><\/figure>\n\t\t<\/div>\n\t\t<\/div>\n\t\t\t\t<\/div>\n\t\t\t\t<\/div>\n\t\t\t\t\t<\/div>\n\t\t<\/div>\n\t\t\t\t\t\t\t<\/div>\n\t\t<\/section>\n\t\t\t\t<section class=\"elementor-section elementor-top-section elementor-element elementor-element-b4ea2e0 elementor-section-boxed elementor-section-height-default elementor-section-height-default\" data-id=\"b4ea2e0\" data-element_type=\"section\">\n\t\t\t\t\t\t<div class=\"elementor-container elementor-column-gap-default\">\n\t\t\t\t\t<div class=\"elementor-column elementor-col-100 elementor-top-column elementor-element elementor-element-a04a10d\" data-id=\"a04a10d\" data-element_type=\"column\">\n\t\t\t<div class=\"elementor-widget-wrap elementor-element-populated\">\n\t\t\t\t\t\t\t\t<div class=\"elementor-element elementor-element-9c32031 elementor-widget elementor-widget-heading\" data-id=\"9c32031\" data-element_type=\"widget\" data-widget_type=\"heading.default\">\n\t\t\t\t<div class=\"elementor-widget-container\">\n\t\t\t<h2 class=\"elementor-heading-title elementor-size-medium\">Brzoz\u00f3w<\/h2>\t\t<\/div>\n\t\t\t\t<\/div>\n\t\t\t\t<div class=\"elementor-element elementor-element-1c2c724 elementor-widget elementor-widget-image-gallery\" data-id=\"1c2c724\" data-element_type=\"widget\" data-widget_type=\"image-gallery.default\">\n\t\t\t\t<div class=\"elementor-widget-container\">\n\t\t\t\t\t<div class=\"elementor-image-gallery\">\n\t\t\t<div id='gallery-3' class='gallery galleryid-1797 gallery-columns-4 gallery-size-thumbnail'><figure class='gallery-item'>\n\t\t\t<div class='gallery-icon landscape'>\n\t\t\t\t<a data-elementor-open-lightbox=\"yes\" data-elementor-lightbox-slideshow=\"1c2c724\" data-elementor-lightbox-title=\"1\" href='https:\/\/www.kamarinzynieria.pl\/wp-content\/uploads\/2021\/04\/1-10.jpg'><img width=\"150\" height=\"150\" src=\"https:\/\/www.kamarinzynieria.pl\/wp-content\/uploads\/2021\/04\/1-10-150x150.jpg\" class=\"attachment-thumbnail size-thumbnail\" alt=\"\" loading=\"lazy\" \/><\/a>\n\t\t\t<\/div><\/figure><figure class='gallery-item'>\n\t\t\t<div class='gallery-icon portrait'>\n\t\t\t\t<a data-elementor-open-lightbox=\"yes\" data-elementor-lightbox-slideshow=\"1c2c724\" data-elementor-lightbox-title=\"2\" href='https:\/\/www.kamarinzynieria.pl\/wp-content\/uploads\/2021\/04\/2-11.jpg'><img width=\"150\" height=\"150\" src=\"https:\/\/www.kamarinzynieria.pl\/wp-content\/uploads\/2021\/04\/2-11-150x150.jpg\" class=\"attachment-thumbnail size-thumbnail\" alt=\"\" loading=\"lazy\" \/><\/a>\n\t\t\t<\/div><\/figure><figure class='gallery-item'>\n\t\t\t<div class='gallery-icon landscape'>\n\t\t\t\t<a data-elementor-open-lightbox=\"yes\" data-elementor-lightbox-slideshow=\"1c2c724\" data-elementor-lightbox-title=\"3\" href='https:\/\/www.kamarinzynieria.pl\/wp-content\/uploads\/2021\/04\/3-7.jpg'><img width=\"150\" height=\"150\" src=\"https:\/\/www.kamarinzynieria.pl\/wp-content\/uploads\/2021\/04\/3-7-150x150.jpg\" class=\"attachment-thumbnail size-thumbnail\" alt=\"\" loading=\"lazy\" \/><\/a>\n\t\t\t<\/div><\/figure><figure class='gallery-item'>\n\t\t\t<div class='gallery-icon landscape'>\n\t\t\t\t<a data-elementor-open-lightbox=\"yes\" data-elementor-lightbox-slideshow=\"1c2c724\" data-elementor-lightbox-title=\"4\" href='https:\/\/www.kamarinzynieria.pl\/wp-content\/uploads\/2021\/04\/4-4.jpg'><img width=\"150\" height=\"150\" src=\"https:\/\/www.kamarinzynieria.pl\/wp-content\/uploads\/2021\/04\/4-4-150x150.jpg\" class=\"attachment-thumbnail size-thumbnail\" alt=\"\" loading=\"lazy\" \/><\/a>\n\t\t\t<\/div><\/figure>\n\t\t<\/div>\n\t\t<\/div>\n\t\t\t\t<\/div>\n\t\t\t\t<\/div>\n\t\t\t\t\t<\/div>\n\t\t<\/div>\n\t\t\t\t\t\t\t<\/div>\n\t\t<\/section>\n\t\t\t\t<section class=\"elementor-section elementor-top-section elementor-element elementor-element-c76b9a6 elementor-section-boxed elementor-section-height-default elementor-section-height-default\" data-id=\"c76b9a6\" data-element_type=\"section\">\n\t\t\t\t\t\t<div class=\"elementor-container elementor-column-gap-default\">\n\t\t\t\t\t<div class=\"elementor-column elementor-col-100 elementor-top-column elementor-element elementor-element-e24119f\" data-id=\"e24119f\" data-element_type=\"column\">\n\t\t\t<div class=\"elementor-widget-wrap elementor-element-populated\">\n\t\t\t\t\t\t\t\t<div class=\"elementor-element elementor-element-d2176be elementor-widget elementor-widget-heading\" data-id=\"d2176be\" data-element_type=\"widget\" data-widget_type=\"heading.default\">\n\t\t\t\t<div class=\"elementor-widget-container\">\n\t\t\t<h2 class=\"elementor-heading-title elementor-size-medium\">Boguchwa\u0142a<\/h2>\t\t<\/div>\n\t\t\t\t<\/div>\n\t\t\t\t<div class=\"elementor-element elementor-element-f87f819 elementor-widget elementor-widget-image-gallery\" data-id=\"f87f819\" data-element_type=\"widget\" data-widget_type=\"image-gallery.default\">\n\t\t\t\t<div class=\"elementor-widget-container\">\n\t\t\t\t\t<div class=\"elementor-image-gallery\">\n\t\t\t<div id='gallery-4' class='gallery galleryid-1797 gallery-columns-4 gallery-size-thumbnail'><figure class='gallery-item'>\n\t\t\t<div class='gallery-icon landscape'>\n\t\t\t\t<a data-elementor-open-lightbox=\"yes\" data-elementor-lightbox-slideshow=\"f87f819\" data-elementor-lightbox-title=\"1\" href='https:\/\/www.kamarinzynieria.pl\/wp-content\/uploads\/2021\/04\/1-11.jpg'><img width=\"150\" height=\"150\" src=\"https:\/\/www.kamarinzynieria.pl\/wp-content\/uploads\/2021\/04\/1-11-150x150.jpg\" class=\"attachment-thumbnail size-thumbnail\" alt=\"\" loading=\"lazy\" \/><\/a>\n\t\t\t<\/div><\/figure><figure class='gallery-item'>\n\t\t\t<div class='gallery-icon landscape'>\n\t\t\t\t<a data-elementor-open-lightbox=\"yes\" data-elementor-lightbox-slideshow=\"f87f819\" data-elementor-lightbox-title=\"2\" href='https:\/\/www.kamarinzynieria.pl\/wp-content\/uploads\/2021\/04\/2-12.jpg'><img width=\"150\" height=\"150\" src=\"https:\/\/www.kamarinzynieria.pl\/wp-content\/uploads\/2021\/04\/2-12-150x150.jpg\" class=\"attachment-thumbnail size-thumbnail\" alt=\"\" loading=\"lazy\" \/><\/a>\n\t\t\t<\/div><\/figure><figure class='gallery-item'>\n\t\t\t<div class='gallery-icon landscape'>\n\t\t\t\t<a data-elementor-open-lightbox=\"yes\" data-elementor-lightbox-slideshow=\"f87f819\" data-elementor-lightbox-title=\"3\" href='https:\/\/www.kamarinzynieria.pl\/wp-content\/uploads\/2021\/04\/3-8.jpg'><img width=\"150\" height=\"150\" src=\"https:\/\/www.kamarinzynieria.pl\/wp-content\/uploads\/2021\/04\/3-8-150x150.jpg\" class=\"attachment-thumbnail size-thumbnail\" alt=\"\" loading=\"lazy\" \/><\/a>\n\t\t\t<\/div><\/figure><figure class='gallery-item'>\n\t\t\t<div class='gallery-icon landscape'>\n\t\t\t\t<a data-elementor-open-lightbox=\"yes\" data-elementor-lightbox-slideshow=\"f87f819\" data-elementor-lightbox-title=\"4\" href='https:\/\/www.kamarinzynieria.pl\/wp-content\/uploads\/2021\/04\/4-5.jpg'><img width=\"150\" height=\"150\" src=\"https:\/\/www.kamarinzynieria.pl\/wp-content\/uploads\/2021\/04\/4-5-150x150.jpg\" class=\"attachment-thumbnail size-thumbnail\" alt=\"\" loading=\"lazy\" \/><\/a>\n\t\t\t<\/div><\/figure>\n\t\t<\/div>\n\t\t<\/div>\n\t\t\t\t<\/div>\n\t\t\t\t<\/div>\n\t\t\t\t\t<\/div>\n\t\t<\/div>\n\t\t\t\t\t\t\t<\/div>\n\t\t<\/section>\n\t\t\t\t\t\t<\/div>\n\t\t\t\t\t<\/div>\n\t\t","protected":false},"excerpt":{"rendered":"<p>Lorem ipsum dolor sit amet, consectetur adipiscing elit. Ut elit tellus, luctus nec ullamcorper mattis, pulvinar dapibus leo. \u0141a\u0144cut Rzesz\u00f3w Brzoz\u00f3w Boguchwa\u0142a<\/p>\n","protected":false},"author":1,"featured_media":0,"parent":0,"menu_order":0,"comment_status":"closed","ping_status":"closed","template":"","meta":[],"yoast_head":"<!-- This site is optimized with the Yoast SEO plugin v15.9.1 - https:\/\/yoast.com\/wordpress\/plugins\/seo\/ -->\n<title>Elektryka - KAMAR In\u017cynieria Elektryczna<\/title>\n<meta name=\"robots\" content=\"index, follow, max-snippet:-1, max-image-preview:large, max-video-preview:-1\" \/>\n<link rel=\"canonical\" href=\"https:\/\/www.kamarinzynieria.pl\/index.php\/elektryka\/\" \/>\n<meta property=\"og:locale\" content=\"pl_PL\" \/>\n<meta property=\"og:type\" content=\"article\" \/>\n<meta property=\"og:title\" content=\"Elektryka - KAMAR In\u017cynieria Elektryczna\" \/>\n<meta property=\"og:description\" content=\"Lorem ipsum dolor sit amet, consectetur adipiscing elit. Ut elit tellus, luctus nec ullamcorper mattis, pulvinar dapibus leo. \u0141a\u0144cut Rzesz\u00f3w Brzoz\u00f3w Boguchwa\u0142a\" \/>\n<meta property=\"og:url\" content=\"https:\/\/www.kamarinzynieria.pl\/index.php\/elektryka\/\" \/>\n<meta property=\"og:site_name\" content=\"KAMAR In\u017cynieria Elektryczna\" \/>\n<meta property=\"article:modified_time\" content=\"2021-04-14T14:22:14+00:00\" \/>\n<meta property=\"og:image\" content=\"http:\/\/www.kamarinzynieria.pl\/wp-content\/uploads\/2021\/04\/1-8-150x150.jpg\" \/>\n<meta name=\"twitter:card\" content=\"summary_large_image\" \/>\n<meta name=\"twitter:label1\" content=\"Est. reading time\">\n\t<meta name=\"twitter:data1\" content=\"4 minuty\">\n<script type=\"application\/ld+json\" class=\"yoast-schema-graph\">{\"@context\":\"https:\/\/schema.org\",\"@graph\":[{\"@type\":\"WebSite\",\"@id\":\"http:\/\/www.kamarinzynieria.pl\/#website\",\"url\":\"http:\/\/www.kamarinzynieria.pl\/\",\"name\":\"KAMAR In\\u017cynieria Elektryczna\",\"description\":\"Kolejna witryna WordPress\",\"potentialAction\":[{\"@type\":\"SearchAction\",\"target\":\"http:\/\/www.kamarinzynieria.pl\/?s={search_term_string}\",\"query-input\":\"required name=search_term_string\"}],\"inLanguage\":\"pl-PL\"},{\"@type\":\"ImageObject\",\"@id\":\"https:\/\/www.kamarinzynieria.pl\/index.php\/elektryka\/#primaryimage\",\"inLanguage\":\"pl-PL\",\"url\":\"http:\/\/www.kamarinzynieria.pl\/wp-content\/uploads\/2021\/04\/1-8-150x150.jpg\"},{\"@type\":\"WebPage\",\"@id\":\"https:\/\/www.kamarinzynieria.pl\/index.php\/elektryka\/#webpage\",\"url\":\"https:\/\/www.kamarinzynieria.pl\/index.php\/elektryka\/\",\"name\":\"Elektryka - KAMAR In\\u017cynieria Elektryczna\",\"isPartOf\":{\"@id\":\"http:\/\/www.kamarinzynieria.pl\/#website\"},\"primaryImageOfPage\":{\"@id\":\"https:\/\/www.kamarinzynieria.pl\/index.php\/elektryka\/#primaryimage\"},\"datePublished\":\"2021-04-14T14:17:10+00:00\",\"dateModified\":\"2021-04-14T14:22:14+00:00\",\"breadcrumb\":{\"@id\":\"https:\/\/www.kamarinzynieria.pl\/index.php\/elektryka\/#breadcrumb\"},\"inLanguage\":\"pl-PL\",\"potentialAction\":[{\"@type\":\"ReadAction\",\"target\":[\"https:\/\/www.kamarinzynieria.pl\/index.php\/elektryka\/\"]}]},{\"@type\":\"BreadcrumbList\",\"@id\":\"https:\/\/www.kamarinzynieria.pl\/index.php\/elektryka\/#breadcrumb\",\"itemListElement\":[{\"@type\":\"ListItem\",\"position\":1,\"item\":{\"@type\":\"WebPage\",\"@id\":\"http:\/\/www.kamarinzynieria.pl\/\",\"url\":\"http:\/\/www.kamarinzynieria.pl\/\",\"name\":\"Strona g\\u0142\\u00f3wna\"}},{\"@type\":\"ListItem\",\"position\":2,\"item\":{\"@type\":\"WebPage\",\"@id\":\"https:\/\/www.kamarinzynieria.pl\/index.php\/elektryka\/\",\"url\":\"https:\/\/www.kamarinzynieria.pl\/index.php\/elektryka\/\",\"name\":\"Elektryka\"}}]}]}<\/script>\n<!-- \/ Yoast SEO plugin. -->","_links":{"self":[{"href":"https:\/\/www.kamarinzynieria.pl\/index.php\/wp-json\/wp\/v2\/pages\/1797"}],"collection":[{"href":"https:\/\/www.kamarinzynieria.pl\/index.php\/wp-json\/wp\/v2\/pages"}],"about":[{"href":"https:\/\/www.kamarinzynieria.pl\/index.php\/wp-json\/wp\/v2\/types\/page"}],"author":[{"embeddable":true,"href":"https:\/\/www.kamarinzynieria.pl\/index.php\/wp-json\/wp\/v2\/users\/1"}],"replies":[{"embeddable":true,"href":"https:\/\/www.kamarinzynieria.pl\/index.php\/wp-json\/wp\/v2\/comments?post=1797"}],"version-history":[{"count":4,"href":"https:\/\/www.kamarinzynieria.pl\/index.php\/wp-json\/wp\/v2\/pages\/1797\/revisions"}],"predecessor-version":[{"id":1821,"href":"https:\/\/www.kamarinzynieria.pl\/index.php\/wp-json\/wp\/v2\/pages\/1797\/revisions\/1821"}],"wp:attachment":[{"href":"https:\/\/www.kamarinzynieria.pl\/index.php\/wp-json\/wp\/v2\/media?parent=1797"}],"curies":[{"name":"wp","href":"https:\/\/api.w.org\/{rel}","templated":true}]}}