{"id":1154,"date":"2017-08-01T12:08:43","date_gmt":"2017-08-01T12:08:43","guid":{"rendered":"http:\/\/www.kamarinzynieria.pl\/index.php\/contact\/"},"modified":"2021-03-26T22:37:16","modified_gmt":"2021-03-26T22:37:16","slug":"contact","status":"publish","type":"page","link":"https:\/\/www.kamarinzynieria.pl\/index.php\/contact\/","title":{"rendered":"Contact"},"content":{"rendered":"\t\t<div data-elementor-type=\"wp-post\" data-elementor-id=\"1154\" class=\"elementor elementor-1154\" data-elementor-settings=\"[]\">\n\t\t\t\t\t\t\t<div class=\"elementor-section-wrap\">\n\t\t\t\t\t\t\t<section class=\"elementor-section elementor-top-section elementor-element elementor-element-6a9739d elementor-section-boxed elementor-section-height-default elementor-section-height-default\" data-id=\"6a9739d\" data-element_type=\"section\" data-settings=\"{&quot;background_background&quot;:&quot;classic&quot;}\">\n\t\t\t\t\t\t\t<div class=\"elementor-background-overlay\"><\/div>\n\t\t\t\t\t\t\t<div class=\"elementor-container elementor-column-gap-default\">\n\t\t\t\t\t<div class=\"elementor-column elementor-col-100 elementor-top-column elementor-element elementor-element-ff78751\" data-id=\"ff78751\" data-element_type=\"column\">\n\t\t\t<div class=\"elementor-widget-wrap elementor-element-populated\">\n\t\t\t\t\t\t\t\t<div class=\"elementor-element elementor-element-qdpvsgu elementor-widget elementor-widget-heading\" data-id=\"qdpvsgu\" data-element_type=\"widget\" data-widget_type=\"heading.default\">\n\t\t\t\t<div class=\"elementor-widget-container\">\n\t\t\t<h1 class=\"elementor-heading-title elementor-size-default\">Kontakt<\/h1>\t\t<\/div>\n\t\t\t\t<\/div>\n\t\t\t\t<div class=\"elementor-element elementor-element-ea45048 elementor-widget elementor-widget-image\" data-id=\"ea45048\" data-element_type=\"widget\" data-widget_type=\"image.default\">\n\t\t\t\t<div class=\"elementor-widget-container\">\n\t\t\t\t\t<div class=\"elementor-image\">\n\t\t\t\t\t\t\t\t\t\t<img src=\"http:\/\/www.kamarinzynieria.pl\/wp-content\/uploads\/2021\/03\/plug-free-img-p2fp4zbw321nr0hffbyj2x589wyea095jx4uo0bxcc.png\" title=\"\" alt=\"\" \/>\t\t\t\t\t\t\t\t\t\t\t<\/div>\n\t\t\t\t<\/div>\n\t\t\t\t<\/div>\n\t\t\t\t\t<\/div>\n\t\t<\/div>\n\t\t\t\t\t\t\t<\/div>\n\t\t<\/section>\n\t\t\t\t<section class=\"elementor-section elementor-top-section elementor-element elementor-element-31045bf elementor-section-boxed elementor-section-height-default elementor-section-height-default\" data-id=\"31045bf\" data-element_type=\"section\">\n\t\t\t\t\t\t<div class=\"elementor-container elementor-column-gap-default\">\n\t\t\t\t\t\t\t\t<\/div>\n\t\t<\/section>\n\t\t\t\t<section class=\"elementor-section elementor-top-section elementor-element elementor-element-dd79716 elementor-section-boxed elementor-section-height-default elementor-section-height-default\" data-id=\"dd79716\" data-element_type=\"section\">\n\t\t\t\t\t\t<div class=\"elementor-container elementor-column-gap-default\">\n\t\t\t\t\t<div class=\"elementor-column elementor-col-33 elementor-top-column elementor-element elementor-element-56a56e3\" data-id=\"56a56e3\" data-element_type=\"column\">\n\t\t\t<div class=\"elementor-widget-wrap elementor-element-populated\">\n\t\t\t\t\t\t\t\t<div class=\"elementor-element elementor-element-aef2219 elementor-widget elementor-widget-text-editor\" data-id=\"aef2219\" data-element_type=\"widget\" data-widget_type=\"text-editor.default\">\n\t\t\t\t<div class=\"elementor-widget-container\">\n\t\t\t\t\t<div class=\"elementor-text-editor elementor-clearfix\"><h2>Masz pytanie?<\/h2><h2>Napisz do nas!<\/h2><h6>Postaramy si\u0119 najszybciej, jak to mo\u017cliwe odpowiedzie\u0107 na Twoje pytanie. Skontaktuj si\u0119 z nami poprzez poczt\u0119 elektroniczn\u0105 lub zadzwo\u0144.<\/h6><\/div>\n\t\t\t\t<\/div>\n\t\t\t\t<\/div>\n\t\t\t\t\t<\/div>\n\t\t<\/div>\n\t\t\t\t<div class=\"elementor-column elementor-col-33 elementor-top-column elementor-element elementor-element-77f61f7\" data-id=\"77f61f7\" data-element_type=\"column\">\n\t\t\t<div class=\"elementor-widget-wrap elementor-element-populated\">\n\t\t\t\t\t\t\t\t<div class=\"elementor-element elementor-element-c450905 elementor-widget elementor-widget-image\" data-id=\"c450905\" data-element_type=\"widget\" data-widget_type=\"image.default\">\n\t\t\t\t<div class=\"elementor-widget-container\">\n\t\t\t\t\t<div class=\"elementor-image\">\n\t\t\t\t\t\t\t\t\t\t<img width=\"150\" height=\"150\" src=\"https:\/\/www.kamarinzynieria.pl\/wp-content\/uploads\/2021\/03\/Telefon-150x150.png\" class=\"attachment-thumbnail size-thumbnail\" alt=\"\" loading=\"lazy\" srcset=\"https:\/\/www.kamarinzynieria.pl\/wp-content\/uploads\/2021\/03\/Telefon-150x150.png 150w, https:\/\/www.kamarinzynieria.pl\/wp-content\/uploads\/2021\/03\/Telefon.png 250w\" sizes=\"(max-width: 150px) 100vw, 150px\" \/>\t\t\t\t\t\t\t\t\t\t\t<\/div>\n\t\t\t\t<\/div>\n\t\t\t\t<\/div>\n\t\t\t\t<div class=\"elementor-element elementor-element-2a92b23 elementor-widget elementor-widget-heading\" data-id=\"2a92b23\" data-element_type=\"widget\" data-widget_type=\"heading.default\">\n\t\t\t\t<div class=\"elementor-widget-container\">\n\t\t\t<h5 class=\"elementor-heading-title elementor-size-default\">Nr.tel<\/h5>\t\t<\/div>\n\t\t\t\t<\/div>\n\t\t\t\t<div class=\"elementor-element elementor-element-9bc2599 elementor-widget elementor-widget-text-editor\" data-id=\"9bc2599\" data-element_type=\"widget\" data-widget_type=\"text-editor.default\">\n\t\t\t\t<div class=\"elementor-widget-container\">\n\t\t\t\t\t<div class=\"elementor-text-editor elementor-clearfix\"><h5 style=\"text-align: center;\">739 089 543<\/h5><h5 style=\"text-align: center;\">789 073 954<\/h5><\/div>\n\t\t\t\t<\/div>\n\t\t\t\t<\/div>\n\t\t\t\t\t<\/div>\n\t\t<\/div>\n\t\t\t\t<div class=\"elementor-column elementor-col-33 elementor-top-column elementor-element elementor-element-d532eac\" data-id=\"d532eac\" data-element_type=\"column\">\n\t\t\t<div class=\"elementor-widget-wrap elementor-element-populated\">\n\t\t\t\t\t\t\t\t<div class=\"elementor-element elementor-element-84f04fc elementor-widget elementor-widget-image\" data-id=\"84f04fc\" data-element_type=\"widget\" data-widget_type=\"image.default\">\n\t\t\t\t<div class=\"elementor-widget-container\">\n\t\t\t\t\t<div class=\"elementor-image\">\n\t\t\t\t\t\t\t\t\t\t<img width=\"150\" height=\"150\" src=\"https:\/\/www.kamarinzynieria.pl\/wp-content\/uploads\/2021\/03\/Mail-150x150.png\" class=\"attachment-thumbnail size-thumbnail\" alt=\"\" loading=\"lazy\" srcset=\"https:\/\/www.kamarinzynieria.pl\/wp-content\/uploads\/2021\/03\/Mail-150x150.png 150w, https:\/\/www.kamarinzynieria.pl\/wp-content\/uploads\/2021\/03\/Mail.png 250w\" sizes=\"(max-width: 150px) 100vw, 150px\" \/>\t\t\t\t\t\t\t\t\t\t\t<\/div>\n\t\t\t\t<\/div>\n\t\t\t\t<\/div>\n\t\t\t\t<div class=\"elementor-element elementor-element-40b8573 elementor-widget elementor-widget-heading\" data-id=\"40b8573\" data-element_type=\"widget\" data-widget_type=\"heading.default\">\n\t\t\t\t<div class=\"elementor-widget-container\">\n\t\t\t<h6 class=\"elementor-heading-title elementor-size-default\">E-mail<\/h6>\t\t<\/div>\n\t\t\t\t<\/div>\n\t\t\t\t<div class=\"elementor-element elementor-element-f134c89 elementor-widget elementor-widget-text-editor\" data-id=\"f134c89\" data-element_type=\"widget\" data-widget_type=\"text-editor.default\">\n\t\t\t\t<div class=\"elementor-widget-container\">\n\t\t\t\t\t<div class=\"elementor-text-editor elementor-clearfix\"><h6 style=\"text-align: center;\">biuro@kamarinzynieria.pl<\/h6><\/div>\n\t\t\t\t<\/div>\n\t\t\t\t<\/div>\n\t\t\t\t\t<\/div>\n\t\t<\/div>\n\t\t\t\t\t\t\t<\/div>\n\t\t<\/section>\n\t\t\t\t<section class=\"elementor-section elementor-top-section elementor-element elementor-element-467e565 elementor-section-boxed elementor-section-height-default elementor-section-height-default\" data-id=\"467e565\" data-element_type=\"section\">\n\t\t\t\t\t\t<div class=\"elementor-container elementor-column-gap-default\">\n\t\t\t\t\t\t\t\t<\/div>\n\t\t<\/section>\n\t\t\t\t<section class=\"elementor-section elementor-top-section elementor-element elementor-element-5399f66 elementor-section-boxed elementor-section-height-default elementor-section-height-default\" data-id=\"5399f66\" data-element_type=\"section\">\n\t\t\t\t\t\t<div class=\"elementor-container elementor-column-gap-default\">\n\t\t\t\t\t<div class=\"elementor-column elementor-col-100 elementor-top-column elementor-element elementor-element-23f1920\" data-id=\"23f1920\" data-element_type=\"column\" data-settings=\"{&quot;background_background&quot;:&quot;classic&quot;}\">\n\t\t\t<div class=\"elementor-widget-wrap elementor-element-populated\">\n\t\t\t\t\t\t\t\t<div class=\"elementor-element elementor-element-9280dd4 elementor-invisible elementor-widget elementor-widget-wpforms\" data-id=\"9280dd4\" data-element_type=\"widget\" data-settings=\"{&quot;_animation&quot;:&quot;fadeInLeft&quot;}\" data-widget_type=\"wpforms.default\">\n\t\t\t\t<div class=\"elementor-widget-container\">\n\t\t\t<div class=\"wpforms-container \" id=\"wpforms-1383\"><form id=\"wpforms-form-1383\" class=\"wpforms-validate wpforms-form\" data-formid=\"1383\" method=\"post\" enctype=\"multipart\/form-data\" action=\"\/index.php\/wp-json\/wp\/v2\/pages\/1154\" data-token=\"7216572ce38402d914a52b91d1484547\"><div class=\"wpforms-head-container\"><div class=\"wpforms-title\">Wy\u015blij zapytanie<\/div><\/div><noscript class=\"wpforms-error-noscript\">Please enable JavaScript in your browser to complete this form.<\/noscript><div class=\"wpforms-field-container\"><div id=\"wpforms-1383-field_0-container\" class=\"wpforms-field wpforms-field-name\" data-field-id=\"0\"><label class=\"wpforms-field-label\" for=\"wpforms-1383-field_0\">Imi\u0119 <span class=\"wpforms-required-label\">*<\/span><\/label><input type=\"text\" id=\"wpforms-1383-field_0\" class=\"wpforms-field-medium wpforms-field-required\" name=\"wpforms[fields][0]\" placeholder=\"Twoje imi\u0119 i nazwisko\" required><\/div><div id=\"wpforms-1383-field_4-container\" class=\"wpforms-field wpforms-field-text\" data-field-id=\"4\"><label class=\"wpforms-field-label\" for=\"wpforms-1383-field_4\">Numer telefonu<\/label><input type=\"text\" id=\"wpforms-1383-field_4\" class=\"wpforms-field-medium\" name=\"wpforms[fields][4]\" placeholder=\"Wpisz numer telefonu\" ><\/div><div id=\"wpforms-1383-field_1-container\" class=\"wpforms-field wpforms-field-email\" data-field-id=\"1\"><label class=\"wpforms-field-label\" for=\"wpforms-1383-field_1\">E-mail <span class=\"wpforms-required-label\">*<\/span><\/label><input type=\"email\" id=\"wpforms-1383-field_1\" class=\"wpforms-field-medium wpforms-field-required\" name=\"wpforms[fields][1]\" placeholder=\"Adres e-mail\" required><\/div><div id=\"wpforms-1383-field_2-container\" class=\"wpforms-field wpforms-field-textarea\" data-field-id=\"2\"><label class=\"wpforms-field-label\" for=\"wpforms-1383-field_2\">Wiadomo\u015b\u0107 <span class=\"wpforms-required-label\">*<\/span><\/label><textarea id=\"wpforms-1383-field_2\" class=\"wpforms-field-medium wpforms-field-required\" name=\"wpforms[fields][2]\" placeholder=\"Napisz wiadomo\u015b\u0107\" required><\/textarea><\/div><\/div><div class=\"wpforms-submit-container\" ><input type=\"hidden\" name=\"wpforms[id]\" value=\"1383\"><input type=\"hidden\" name=\"wpforms[author]\" value=\"1\"><button type=\"submit\" name=\"wpforms[submit]\" class=\"wpforms-submit \" id=\"wpforms-submit-1383\" value=\"wpforms-submit\" aria-live=\"assertive\" data-alt-text=\"Wysy\u0142anie...\" data-submit-text=\"Wy\u015blij\">Wy\u015blij<\/button><\/div><\/form><\/div>  <!-- .wpforms-container -->\t\t<\/div>\n\t\t\t\t<\/div>\n\t\t\t\t<div class=\"elementor-element elementor-element-a8fdd11 elementor-widget elementor-widget-google_maps\" data-id=\"a8fdd11\" data-element_type=\"widget\" data-widget_type=\"google_maps.default\">\n\t\t\t\t<div class=\"elementor-widget-container\">\n\t\t\t<div class=\"elementor-custom-embed\"><iframe frameborder=\"0\" scrolling=\"no\" marginheight=\"0\" marginwidth=\"0\" src=\"https:\/\/maps.google.com\/maps?q=Trze%C5%9Bni%C3%B3w%20Buk%C3%B3w%2030&amp;t=m&amp;z=12&amp;output=embed&amp;iwloc=near\" title=\"Trze\u015bni\u00f3w Buk\u00f3w 30\" aria-label=\"Trze\u015bni\u00f3w Buk\u00f3w 30\"><\/iframe><\/div>\t\t<\/div>\n\t\t\t\t<\/div>\n\t\t\t\t\t<\/div>\n\t\t<\/div>\n\t\t\t\t<div class=\"elementor-column elementor-col-100 elementor-top-column elementor-element elementor-element-e74689c\" data-id=\"e74689c\" data-element_type=\"column\">\n\t\t\t<div class=\"elementor-widget-wrap\">\n\t\t\t\t\t\t\t\t\t<\/div>\n\t\t<\/div>\n\t\t\t\t\t\t\t<\/div>\n\t\t<\/section>\n\t\t\t\t<section class=\"elementor-section elementor-top-section elementor-element elementor-element-02fef40 elementor-section-boxed elementor-section-height-default elementor-section-height-default\" data-id=\"02fef40\" data-element_type=\"section\" data-settings=\"{&quot;background_background&quot;:&quot;classic&quot;}\">\n\t\t\t\t\t\t<div class=\"elementor-container elementor-column-gap-default\">\n\t\t\t\t\t\t\t\t<\/div>\n\t\t<\/section>\n\t\t\t\t\t\t<\/div>\n\t\t\t\t\t<\/div>\n\t\t","protected":false},"excerpt":{"rendered":"<p>Kontakt Masz pytanie? Napisz do nas! Postaramy si\u0119 najszybciej, jak to mo\u017cliwe odpowiedzie\u0107 na Twoje pytanie. Skontaktuj si\u0119 z nami poprzez poczt\u0119 elektroniczn\u0105 lub zadzwo\u0144. Nr.tel 739 089 543 789 073 954 E-mail biuro@kamarinzynieria.pl<\/p>\n","protected":false},"author":1,"featured_media":0,"parent":0,"menu_order":0,"comment_status":"closed","ping_status":"closed","template":"","meta":[],"yoast_head":"<!-- This site is optimized with the Yoast SEO plugin v15.9.1 - https:\/\/yoast.com\/wordpress\/plugins\/seo\/ -->\n<title>Contact - KAMAR In\u017cynieria Elektryczna<\/title>\n<meta name=\"robots\" content=\"index, follow, max-snippet:-1, max-image-preview:large, max-video-preview:-1\" \/>\n<link rel=\"canonical\" href=\"https:\/\/www.kamarinzynieria.pl\/index.php\/contact\/\" \/>\n<meta property=\"og:locale\" content=\"pl_PL\" \/>\n<meta property=\"og:type\" content=\"article\" \/>\n<meta property=\"og:title\" content=\"Contact - KAMAR In\u017cynieria Elektryczna\" \/>\n<meta property=\"og:description\" content=\"Kontakt Masz pytanie? Napisz do nas! Postaramy si\u0119 najszybciej, jak to mo\u017cliwe odpowiedzie\u0107 na Twoje pytanie. Skontaktuj si\u0119 z nami poprzez poczt\u0119 elektroniczn\u0105 lub zadzwo\u0144. Nr.tel 739 089 543 789 073 954 E-mail biuro@kamarinzynieria.pl\" \/>\n<meta property=\"og:url\" content=\"https:\/\/www.kamarinzynieria.pl\/index.php\/contact\/\" \/>\n<meta property=\"og:site_name\" content=\"KAMAR In\u017cynieria Elektryczna\" \/>\n<meta property=\"article:modified_time\" content=\"2021-03-26T22:37:16+00:00\" \/>\n<meta property=\"og:image\" content=\"http:\/\/www.kamarinzynieria.pl\/wp-content\/uploads\/2021\/03\/plug-free-img-p2fp4zbw321nr0hffbyj2x589wyea095jx4uo0bxcc.png\" \/>\n<meta name=\"twitter:card\" content=\"summary_large_image\" \/>\n<meta name=\"twitter:label1\" content=\"Est. reading time\">\n\t<meta name=\"twitter:data1\" content=\"1 minuta\">\n<script type=\"application\/ld+json\" class=\"yoast-schema-graph\">{\"@context\":\"https:\/\/schema.org\",\"@graph\":[{\"@type\":\"WebSite\",\"@id\":\"http:\/\/www.kamarinzynieria.pl\/#website\",\"url\":\"http:\/\/www.kamarinzynieria.pl\/\",\"name\":\"KAMAR In\\u017cynieria Elektryczna\",\"description\":\"Kolejna witryna WordPress\",\"potentialAction\":[{\"@type\":\"SearchAction\",\"target\":\"http:\/\/www.kamarinzynieria.pl\/?s={search_term_string}\",\"query-input\":\"required name=search_term_string\"}],\"inLanguage\":\"pl-PL\"},{\"@type\":\"ImageObject\",\"@id\":\"https:\/\/www.kamarinzynieria.pl\/index.php\/contact\/#primaryimage\",\"inLanguage\":\"pl-PL\",\"url\":\"http:\/\/www.kamarinzynieria.pl\/wp-content\/uploads\/2021\/03\/plug-free-img-p2fp4zbw321nr0hffbyj2x589wyea095jx4uo0bxcc.png\"},{\"@type\":\"WebPage\",\"@id\":\"https:\/\/www.kamarinzynieria.pl\/index.php\/contact\/#webpage\",\"url\":\"https:\/\/www.kamarinzynieria.pl\/index.php\/contact\/\",\"name\":\"Contact - KAMAR In\\u017cynieria Elektryczna\",\"isPartOf\":{\"@id\":\"http:\/\/www.kamarinzynieria.pl\/#website\"},\"primaryImageOfPage\":{\"@id\":\"https:\/\/www.kamarinzynieria.pl\/index.php\/contact\/#primaryimage\"},\"datePublished\":\"2017-08-01T12:08:43+00:00\",\"dateModified\":\"2021-03-26T22:37:16+00:00\",\"breadcrumb\":{\"@id\":\"https:\/\/www.kamarinzynieria.pl\/index.php\/contact\/#breadcrumb\"},\"inLanguage\":\"pl-PL\",\"potentialAction\":[{\"@type\":\"ReadAction\",\"target\":[\"https:\/\/www.kamarinzynieria.pl\/index.php\/contact\/\"]}]},{\"@type\":\"BreadcrumbList\",\"@id\":\"https:\/\/www.kamarinzynieria.pl\/index.php\/contact\/#breadcrumb\",\"itemListElement\":[{\"@type\":\"ListItem\",\"position\":1,\"item\":{\"@type\":\"WebPage\",\"@id\":\"http:\/\/www.kamarinzynieria.pl\/\",\"url\":\"http:\/\/www.kamarinzynieria.pl\/\",\"name\":\"Strona g\\u0142\\u00f3wna\"}},{\"@type\":\"ListItem\",\"position\":2,\"item\":{\"@type\":\"WebPage\",\"@id\":\"https:\/\/www.kamarinzynieria.pl\/index.php\/contact\/\",\"url\":\"https:\/\/www.kamarinzynieria.pl\/index.php\/contact\/\",\"name\":\"Contact\"}}]}]}<\/script>\n<!-- \/ Yoast SEO plugin. -->","_links":{"self":[{"href":"https:\/\/www.kamarinzynieria.pl\/index.php\/wp-json\/wp\/v2\/pages\/1154"}],"collection":[{"href":"https:\/\/www.kamarinzynieria.pl\/index.php\/wp-json\/wp\/v2\/pages"}],"about":[{"href":"https:\/\/www.kamarinzynieria.pl\/index.php\/wp-json\/wp\/v2\/types\/page"}],"author":[{"embeddable":true,"href":"https:\/\/www.kamarinzynieria.pl\/index.php\/wp-json\/wp\/v2\/users\/1"}],"replies":[{"embeddable":true,"href":"https:\/\/www.kamarinzynieria.pl\/index.php\/wp-json\/wp\/v2\/comments?post=1154"}],"version-history":[{"count":36,"href":"https:\/\/www.kamarinzynieria.pl\/index.php\/wp-json\/wp\/v2\/pages\/1154\/revisions"}],"predecessor-version":[{"id":1601,"href":"https:\/\/www.kamarinzynieria.pl\/index.php\/wp-json\/wp\/v2\/pages\/1154\/revisions\/1601"}],"wp:attachment":[{"href":"https:\/\/www.kamarinzynieria.pl\/index.php\/wp-json\/wp\/v2\/media?parent=1154"}],"curies":[{"name":"wp","href":"https:\/\/api.w.org\/{rel}","templated":true}]}}