{"id":1151,"date":"2017-08-01T12:07:51","date_gmt":"2017-08-01T12:07:51","guid":{"rendered":"http:\/\/www.kamarinzynieria.pl\/index.php\/about-us\/"},"modified":"2021-04-14T15:08:34","modified_gmt":"2021-04-14T15:08:34","slug":"o-firmie","status":"publish","type":"page","link":"https:\/\/www.kamarinzynieria.pl\/index.php\/o-firmie\/","title":{"rendered":"O firmie"},"content":{"rendered":"\t\t<div data-elementor-type=\"wp-post\" data-elementor-id=\"1151\" class=\"elementor elementor-1151\" data-elementor-settings=\"[]\">\n\t\t\t\t\t\t\t<div class=\"elementor-section-wrap\">\n\t\t\t\t\t\t\t<section class=\"elementor-section elementor-top-section elementor-element elementor-element-ytngt0t elementor-section-boxed elementor-section-height-default elementor-section-height-default\" data-id=\"ytngt0t\" data-element_type=\"section\" data-settings=\"{&quot;background_background&quot;:&quot;classic&quot;}\">\n\t\t\t\t\t\t\t<div class=\"elementor-background-overlay\"><\/div>\n\t\t\t\t\t\t\t<div class=\"elementor-container elementor-column-gap-default\">\n\t\t\t\t\t<div class=\"elementor-column elementor-col-100 elementor-top-column elementor-element elementor-element-jotv04n\" data-id=\"jotv04n\" data-element_type=\"column\">\n\t\t\t<div class=\"elementor-widget-wrap elementor-element-populated\">\n\t\t\t\t\t\t\t\t<div class=\"elementor-element elementor-element-vbeopux elementor-widget elementor-widget-heading\" data-id=\"vbeopux\" data-element_type=\"widget\" data-widget_type=\"heading.default\">\n\t\t\t\t<div class=\"elementor-widget-container\">\n\t\t\t<h1 class=\"elementor-heading-title elementor-size-default\">O firmie<\/h1>\t\t<\/div>\n\t\t\t\t<\/div>\n\t\t\t\t<div class=\"elementor-element elementor-element-hrowtrh elementor-widget elementor-widget-image\" data-id=\"hrowtrh\" data-element_type=\"widget\" data-widget_type=\"image.default\">\n\t\t\t\t<div class=\"elementor-widget-container\">\n\t\t\t\t\t<div class=\"elementor-image\">\n\t\t\t\t\t\t\t\t\t\t<img src=\"https:\/\/www.kamarinzynieria.pl\/wp-content\/uploads\/2021\/03\/plug-free-img-p2fp4zbw321nr0hffbyj2x589wyea095jx4uo0bxcc.png\" title=\"plug-free-img-p2fp4zbw321nr0hffbyj2x589wyea095jx4uo0bxcc\" alt=\"plug-free-img-p2fp4zbw321nr0hffbyj2x589wyea095jx4uo0bxcc\" \/>\t\t\t\t\t\t\t\t\t\t\t<\/div>\n\t\t\t\t<\/div>\n\t\t\t\t<\/div>\n\t\t\t\t\t<\/div>\n\t\t<\/div>\n\t\t\t\t\t\t\t<\/div>\n\t\t<\/section>\n\t\t\t\t<section class=\"elementor-section elementor-top-section elementor-element elementor-element-9o5glwr elementor-section-stretched elementor-section-boxed elementor-section-height-default elementor-section-height-default\" data-id=\"9o5glwr\" data-element_type=\"section\" data-settings=\"{&quot;background_background&quot;:&quot;classic&quot;,&quot;stretch_section&quot;:&quot;section-stretched&quot;}\">\n\t\t\t\t\t\t<div class=\"elementor-container elementor-column-gap-default\">\n\t\t\t\t\t<div class=\"elementor-column elementor-col-100 elementor-top-column elementor-element elementor-element-v8uf8tm\" data-id=\"v8uf8tm\" data-element_type=\"column\">\n\t\t\t<div class=\"elementor-widget-wrap elementor-element-populated\">\n\t\t\t\t\t\t\t\t<div class=\"elementor-element elementor-element-2458ec8 elementor-invisible elementor-widget elementor-widget-text-editor\" data-id=\"2458ec8\" data-element_type=\"widget\" data-settings=\"{&quot;_animation&quot;:&quot;fadeInDown&quot;}\" data-widget_type=\"text-editor.default\">\n\t\t\t\t<div class=\"elementor-widget-container\">\n\t\t\t\t\t<div class=\"elementor-text-editor elementor-clearfix\"><h6 style=\"text-align: justyify;\">Firma KAMAR In\u017cynieria Elektryczna prowadzona jest przez dw\u00f3ch in\u017cynier\u00f3w z wieloletnim do\u015bwiadczeniem w szeroko <u>poj\u0119tej<\/u> bran\u017cy elektryki. Obszar dzia\u0142ania to tereny po\u0142udniowo-wschodniej Polski.<\/h6><h6 style=\"text-align: justyify;\">G\u0142\u00f3wnymi nurtami dzia\u0142ania firmy jest fotowoltaika, elektryka mieszkaniowa oraz serwis wraz z pomiarami elektrycznymi. Jako firma posiadamy niezb\u0119dne zasoby ludzi oraz sprz\u0119tu do wykonywania r\u00f3\u017cnego rodzaju prac.<\/h6><\/div>\n\t\t\t\t<\/div>\n\t\t\t\t<\/div>\n\t\t\t\t\t<\/div>\n\t\t<\/div>\n\t\t\t\t\t\t\t<\/div>\n\t\t<\/section>\n\t\t\t\t<section class=\"elementor-section elementor-top-section elementor-element elementor-element-pedibvq elementor-section-content-middle elementor-section-stretched elementor-section-boxed elementor-section-height-default elementor-section-height-default\" data-id=\"pedibvq\" data-element_type=\"section\" data-settings=\"{&quot;background_background&quot;:&quot;classic&quot;,&quot;stretch_section&quot;:&quot;section-stretched&quot;}\">\n\t\t\t\t\t\t\t<div class=\"elementor-background-overlay\"><\/div>\n\t\t\t\t\t\t\t<div class=\"elementor-container elementor-column-gap-default\">\n\t\t\t\t\t<div class=\"elementor-column elementor-col-50 elementor-top-column elementor-element elementor-element-gtbpjlp\" data-id=\"gtbpjlp\" data-element_type=\"column\">\n\t\t\t<div class=\"elementor-widget-wrap elementor-element-populated\">\n\t\t\t\t\t\t\t\t<div class=\"elementor-element elementor-element-zdqzzsw elementor-widget elementor-widget-heading\" data-id=\"zdqzzsw\" data-element_type=\"widget\" data-widget_type=\"heading.default\">\n\t\t\t\t<div class=\"elementor-widget-container\">\n\t\t\t<h2 class=\"elementor-heading-title elementor-size-default\">Masz pytanie?<\/h2>\t\t<\/div>\n\t\t\t\t<\/div>\n\t\t\t\t<div class=\"elementor-element elementor-element-fccd967 elementor-widget elementor-widget-text-editor\" data-id=\"fccd967\" data-element_type=\"widget\" data-widget_type=\"text-editor.default\">\n\t\t\t\t<div class=\"elementor-widget-container\">\n\t\t\t\t\t<div class=\"elementor-text-editor elementor-clearfix\"><p>Masz jak\u0105\u015b w\u0105tpliwo\u015b\u0107 b\u0105d\u017a chcesz si\u0119 czego\u015b dowiedzie\u0107. Napisz do nas!<\/p><\/div>\n\t\t\t\t<\/div>\n\t\t\t\t<\/div>\n\t\t\t\t\t<\/div>\n\t\t<\/div>\n\t\t\t\t<div class=\"elementor-column elementor-col-50 elementor-top-column elementor-element elementor-element-tsnbnqj\" data-id=\"tsnbnqj\" data-element_type=\"column\">\n\t\t\t<div class=\"elementor-widget-wrap elementor-element-populated\">\n\t\t\t\t\t\t\t\t<div class=\"elementor-element elementor-element-xxfdplk elementor-align-center elementor-widget elementor-widget-button\" data-id=\"xxfdplk\" data-element_type=\"widget\" data-widget_type=\"button.default\">\n\t\t\t\t<div class=\"elementor-widget-container\">\n\t\t\t\t\t<div class=\"elementor-button-wrapper\">\n\t\t\t<a href=\"http:\/\/www.kamarinzynieria.pl\/index.php\/contact\/\" class=\"elementor-button-link elementor-button elementor-size-md\" role=\"button\">\n\t\t\t\t\t\t<span class=\"elementor-button-content-wrapper\">\n\t\t\t\t\t\t<span class=\"elementor-button-icon elementor-align-icon-right\">\n\t\t\t\t<i aria-hidden=\"true\" class=\"fas fa-chevron-circle-right\"><\/i>\t\t\t<\/span>\n\t\t\t\t\t\t<span class=\"elementor-button-text\">Kontakt<\/span>\n\t\t<\/span>\n\t\t\t\t\t<\/a>\n\t\t<\/div>\n\t\t\t\t<\/div>\n\t\t\t\t<\/div>\n\t\t\t\t\t<\/div>\n\t\t<\/div>\n\t\t\t\t\t\t\t<\/div>\n\t\t<\/section>\n\t\t\t\t<section class=\"elementor-section elementor-top-section elementor-element elementor-element-ko6d36c elementor-section-stretched elementor-section-boxed elementor-section-height-default elementor-section-height-default\" data-id=\"ko6d36c\" data-element_type=\"section\" data-settings=\"{&quot;stretch_section&quot;:&quot;section-stretched&quot;}\">\n\t\t\t\t\t\t<div class=\"elementor-container elementor-column-gap-default\">\n\t\t\t\t\t<div class=\"elementor-column elementor-col-100 elementor-top-column elementor-element elementor-element-wmm7tbz\" data-id=\"wmm7tbz\" data-element_type=\"column\">\n\t\t\t<div class=\"elementor-widget-wrap\">\n\t\t\t\t\t\t\t\t\t<\/div>\n\t\t<\/div>\n\t\t\t\t\t\t\t<\/div>\n\t\t<\/section>\n\t\t\t\t\t\t<\/div>\n\t\t\t\t\t<\/div>\n\t\t","protected":false},"excerpt":{"rendered":"<p>O firmie Firma KAMAR In\u017cynieria Elektryczna prowadzona jest przez dw\u00f3ch in\u017cynier\u00f3w z wieloletnim do\u015bwiadczeniem w szeroko poj\u0119tej bran\u017cy elektryki. Obszar dzia\u0142ania to tereny po\u0142udniowo-wschodniej Polski. G\u0142\u00f3wnymi nurtami dzia\u0142ania firmy jest fotowoltaika, elektryka mieszkaniowa oraz serwis wraz z pomiarami elektrycznymi. Jako firma posiadamy niezb\u0119dne zasoby ludzi oraz sprz\u0119tu do wykonywania r\u00f3\u017cnego rodzaju prac. Masz pytanie? Masz &hellip;<\/p>\n<p class=\"read-more\"> <a class=\"\" href=\"https:\/\/www.kamarinzynieria.pl\/index.php\/o-firmie\/\"> <span class=\"screen-reader-text\">O firmie<\/span> Read More &raquo;<\/a><\/p>\n","protected":false},"author":1,"featured_media":0,"parent":0,"menu_order":0,"comment_status":"closed","ping_status":"closed","template":"","meta":[],"yoast_head":"<!-- This site is optimized with the Yoast SEO plugin v15.9.1 - https:\/\/yoast.com\/wordpress\/plugins\/seo\/ -->\n<title>O firmie - KAMAR In\u017cynieria Elektryczna<\/title>\n<meta name=\"robots\" content=\"index, follow, max-snippet:-1, max-image-preview:large, max-video-preview:-1\" \/>\n<link rel=\"canonical\" href=\"http:\/\/www.kamarinzynieria.pl\/index.php\/o-firmie\/\" \/>\n<meta property=\"og:locale\" content=\"pl_PL\" \/>\n<meta property=\"og:type\" content=\"article\" \/>\n<meta property=\"og:title\" content=\"O firmie - KAMAR In\u017cynieria Elektryczna\" \/>\n<meta property=\"og:description\" content=\"O firmie Firma KAMAR In\u017cynieria Elektryczna prowadzona jest przez dw\u00f3ch in\u017cynier\u00f3w z wieloletnim do\u015bwiadczeniem w szeroko poj\u0119tej bran\u017cy elektryki. Obszar dzia\u0142ania to tereny po\u0142udniowo-wschodniej Polski. G\u0142\u00f3wnymi nurtami dzia\u0142ania firmy jest fotowoltaika, elektryka mieszkaniowa oraz serwis wraz z pomiarami elektrycznymi. Jako firma posiadamy niezb\u0119dne zasoby ludzi oraz sprz\u0119tu do wykonywania r\u00f3\u017cnego rodzaju prac. Masz pytanie? Masz &hellip; O firmie Read More &raquo;\" \/>\n<meta property=\"og:url\" content=\"http:\/\/www.kamarinzynieria.pl\/index.php\/o-firmie\/\" \/>\n<meta property=\"og:site_name\" content=\"KAMAR In\u017cynieria Elektryczna\" \/>\n<meta property=\"article:modified_time\" content=\"2021-04-14T15:08:34+00:00\" \/>\n<meta property=\"og:image\" content=\"http:\/\/www.kamarinzynieria.pl\/wp-content\/uploads\/2021\/03\/plug-free-img-p2fp4zbw321nr0hffbyj2x589wyea095jx4uo0bxcc.png\" \/>\n<meta name=\"twitter:card\" content=\"summary_large_image\" \/>\n<meta name=\"twitter:label1\" content=\"Est. reading time\">\n\t<meta name=\"twitter:data1\" content=\"1 minuta\">\n<script type=\"application\/ld+json\" class=\"yoast-schema-graph\">{\"@context\":\"https:\/\/schema.org\",\"@graph\":[{\"@type\":\"WebSite\",\"@id\":\"http:\/\/www.kamarinzynieria.pl\/#website\",\"url\":\"http:\/\/www.kamarinzynieria.pl\/\",\"name\":\"KAMAR In\\u017cynieria Elektryczna\",\"description\":\"Kolejna witryna WordPress\",\"potentialAction\":[{\"@type\":\"SearchAction\",\"target\":\"http:\/\/www.kamarinzynieria.pl\/?s={search_term_string}\",\"query-input\":\"required name=search_term_string\"}],\"inLanguage\":\"pl-PL\"},{\"@type\":\"ImageObject\",\"@id\":\"http:\/\/www.kamarinzynieria.pl\/index.php\/o-firmie\/#primaryimage\",\"inLanguage\":\"pl-PL\",\"url\":\"http:\/\/www.kamarinzynieria.pl\/wp-content\/uploads\/2021\/03\/plug-free-img-p2fp4zbw321nr0hffbyj2x589wyea095jx4uo0bxcc.png\"},{\"@type\":\"WebPage\",\"@id\":\"http:\/\/www.kamarinzynieria.pl\/index.php\/o-firmie\/#webpage\",\"url\":\"http:\/\/www.kamarinzynieria.pl\/index.php\/o-firmie\/\",\"name\":\"O firmie - KAMAR In\\u017cynieria Elektryczna\",\"isPartOf\":{\"@id\":\"http:\/\/www.kamarinzynieria.pl\/#website\"},\"primaryImageOfPage\":{\"@id\":\"http:\/\/www.kamarinzynieria.pl\/index.php\/o-firmie\/#primaryimage\"},\"datePublished\":\"2017-08-01T12:07:51+00:00\",\"dateModified\":\"2021-04-14T15:08:34+00:00\",\"breadcrumb\":{\"@id\":\"http:\/\/www.kamarinzynieria.pl\/index.php\/o-firmie\/#breadcrumb\"},\"inLanguage\":\"pl-PL\",\"potentialAction\":[{\"@type\":\"ReadAction\",\"target\":[\"http:\/\/www.kamarinzynieria.pl\/index.php\/o-firmie\/\"]}]},{\"@type\":\"BreadcrumbList\",\"@id\":\"http:\/\/www.kamarinzynieria.pl\/index.php\/o-firmie\/#breadcrumb\",\"itemListElement\":[{\"@type\":\"ListItem\",\"position\":1,\"item\":{\"@type\":\"WebPage\",\"@id\":\"http:\/\/www.kamarinzynieria.pl\/\",\"url\":\"http:\/\/www.kamarinzynieria.pl\/\",\"name\":\"Strona g\\u0142\\u00f3wna\"}},{\"@type\":\"ListItem\",\"position\":2,\"item\":{\"@type\":\"WebPage\",\"@id\":\"http:\/\/www.kamarinzynieria.pl\/index.php\/o-firmie\/\",\"url\":\"http:\/\/www.kamarinzynieria.pl\/index.php\/o-firmie\/\",\"name\":\"O firmie\"}}]}]}<\/script>\n<!-- \/ Yoast SEO plugin. -->","_links":{"self":[{"href":"https:\/\/www.kamarinzynieria.pl\/index.php\/wp-json\/wp\/v2\/pages\/1151"}],"collection":[{"href":"https:\/\/www.kamarinzynieria.pl\/index.php\/wp-json\/wp\/v2\/pages"}],"about":[{"href":"https:\/\/www.kamarinzynieria.pl\/index.php\/wp-json\/wp\/v2\/types\/page"}],"author":[{"embeddable":true,"href":"https:\/\/www.kamarinzynieria.pl\/index.php\/wp-json\/wp\/v2\/users\/1"}],"replies":[{"embeddable":true,"href":"https:\/\/www.kamarinzynieria.pl\/index.php\/wp-json\/wp\/v2\/comments?post=1151"}],"version-history":[{"count":37,"href":"https:\/\/www.kamarinzynieria.pl\/index.php\/wp-json\/wp\/v2\/pages\/1151\/revisions"}],"predecessor-version":[{"id":1881,"href":"https:\/\/www.kamarinzynieria.pl\/index.php\/wp-json\/wp\/v2\/pages\/1151\/revisions\/1881"}],"wp:attachment":[{"href":"https:\/\/www.kamarinzynieria.pl\/index.php\/wp-json\/wp\/v2\/media?parent=1151"}],"curies":[{"name":"wp","href":"https:\/\/api.w.org\/{rel}","templated":true}]}}